{"id":1245,"date":"2021-05-04T10:07:32","date_gmt":"2021-05-04T08:07:32","guid":{"rendered":"https:\/\/terredeshommes.it\/indifesa\/?page_id=1245"},"modified":"2021-05-13T17:44:45","modified_gmt":"2021-05-13T15:44:45","slug":"esserbella-per-le-giovani-mamme-insieme-a-indifesa","status":"publish","type":"page","link":"https:\/\/terredeshommes.it\/indifesa\/esserbella-per-le-giovani-mamme-insieme-a-indifesa\/","title":{"rendered":"Esserbella per le giovani mamme insieme a indifesa"},"content":{"rendered":"<p>[et_pb_section bb_built=&#8221;1&#8243; _builder_version=&#8221;3.0.47&#8243;][et_pb_row _builder_version=&#8221;3.0.47&#8243; background_size=&#8221;initial&#8221; background_position=&#8221;top_left&#8221; background_repeat=&#8221;repeat&#8221;][et_pb_column type=&#8221;4_4&#8243;][et_pb_image src=&#8221;https:\/\/terredeshommes.it\/indifesa\/new\/wp-content\/uploads\/2021\/05\/header_indifesa.jpg&#8221; _builder_version=&#8221;3.0.98&#8243; \/][et_pb_text _builder_version=&#8221;3.0.98&#8243; text_font_size=&#8221;16px&#8221; text_font_size_last_edited=&#8221;on|desktop&#8221; background_layout=&#8221;light&#8221;]<\/p>\n<h2>Esserbella sostiene Terre des Hommes<\/h2>\n<p><strong>Esserbella<\/strong>, la catena di profumerie di <strong>Esselunga<\/strong>, sostiene il progetto <strong>indifesa di Terre des Hommes Italia<\/strong> per aiutare le giovani mamme in situazione di fragilit\u00e0.<br \/>\nL\u2019inizio di una gravidanza, cos\u00ec come la nascita di un bambino, sono momenti speciali che per alcune mamme possono diventare molto delicati e difficili da affrontare senza un adeguato supporto. \u00c8 quindi fondamentale aiutare le giovani mamme pi\u00f9 fragili con percorsi specializzati di sostegno alla genitorialit\u00e0.<\/p>\n<h2>L&#8217;appuntamento online con Rossella Migliaccio<\/h2>\n<p><div id=\"attachment_1266\" style=\"width: 235px\" class=\"wp-caption alignleft\"><img loading=\"lazy\" decoding=\"async\" aria-describedby=\"caption-attachment-1266\" src=\"https:\/\/terredeshommes.it\/indifesa\/new\/wp-content\/uploads\/2021\/05\/rossella_migliaccio-225x300.jpg\" alt=\"\" width=\"225\" height=\"300\" class=\"size-medium wp-image-1266\" srcset=\"https:\/\/terredeshommes.it\/indifesa\/new\/wp-content\/uploads\/2021\/05\/rossella_migliaccio-225x300.jpg 225w, https:\/\/terredeshommes.it\/indifesa\/new\/wp-content\/uploads\/2021\/05\/rossella_migliaccio.jpg 600w\" sizes=\"(max-width: 225px) 100vw, 225px\" \/><p id=\"caption-attachment-1266\" class=\"wp-caption-text\">Rossella Migliaccio<\/p><\/div>Per far conoscere la campagna e, allo stesso tempo, dedicare un momento speciale a tutte le donne, il 12 maggio alle ore 14.30 sar\u00e0 possibile partecipare a un evento digitale a cura di Rossella Migliaccio, autrice dei best seller <strong>Armocromia<\/strong> (Vallardi, 2019) e <strong>Forme<\/strong> (Vallardi, 2020) e founder di <strong>Italian Image Institute<\/strong>. Un webinar gratuito della durata di un\u2019ora e mezza dedicato alle forme del corpo femminile in gravidanza, che sar\u00e0 l\u2019occasione per scoprire i cambiamenti del corpo in questo particolare momento della vita e apprendere piccoli trucchi per valorizzarsi.<\/p>\n<p>Nel corso dell\u2019incontro, <strong>Rossella Migliaccio<\/strong> illustrer\u00e0 la teoria delle proporzioni, oggetto del suo libro \u00abForme\u00bb, applicata alla gravidanza e al post-partum, con esempi pratici e consigli di stile. <\/p>\n<p>&nbsp;<br \/>\n&nbsp;<br \/>\n&nbsp;<br \/>\n&nbsp;<br \/>\n&nbsp;<br \/>\n&nbsp;<\/p>\n<p>[\/et_pb_text][et_pb_blurb title=&#8221;Indifesa&#8221; image=&#8221;https:\/\/terredeshommes.it\/indifesa\/new\/wp-content\/uploads\/2018\/01\/logo-indifesa-vettoriale.png&#8221; _builder_version=&#8221;3.0.98&#8243; border_radii=&#8221;on|2px|2px|2px|2px&#8221; border_color_all=&#8221;#ff6600&#8243; custom_padding=&#8221;5px|5px|5px|5px&#8221; background_color=&#8221;#e5e5e5&#8243; url_new_window=&#8221;off&#8221; use_icon=&#8221;off&#8221; use_circle=&#8221;off&#8221; use_circle_border=&#8221;off&#8221; icon_placement=&#8221;top&#8221; use_icon_font_size=&#8221;off&#8221; background_layout=&#8221;light&#8221;]<\/p>\n<p>Da 10 anni Terre des Hommes porta avanti il programma\u202f<strong>indifesa<\/strong>, per garantire a tutte le bambine e alle ragazze, le donne di domani, il diritto di esprimere il proprio talento e acquisire le necessarie competenze per inseguire i propri sogni contro ogni forma di abuso, violenza o pregiudizio.\u202fCon <strong>indifesa<\/strong>, <strong>Terre des Hommes\u202fin Italia<\/strong> \u00e8\u202fa fianco delle giovani mamme\u202fpi\u00f9 fragili\u202fsupportate\u202fda\u202fpercorsi specializzati di sostegno alla genitorialit\u00e0, fornendo\u202fascolto e sostegno psicologico e legale\u202falle\u202fdonne vittime di violenza, dando voce alle domande di  ragazze e ragazzi, cos\u00ec come ai loro sogni e desideri di partecipazione, attraverso le\u202fwebradio del network indifesa, oppure costruendo con le scuole\u202fpercorsi di empowerment femminile\u202fcon il progetto <strong>#iogiocoallapari<\/strong>. <\/p>\n<p>Inoltre, l&#8217;organizzazione \u00e8 presente in numerosi paesi del mondo,\u202ftra i quali\u202fIndia, Mozambico, Costa d\u2019Avorio, Zimbabwe, Per\u00f9, Ecuador, Bangladesh, Palestina, Libano, Iraq, Siria e Giordania, dove quotidianamente realizza progetti dedicati all\u2019istruzione, alla formazione professionale, all\u2019inclusione, alla tutela della salute e del benessere psico-fisico, al sostegno economico e alla protezione nei contesti di rischio. <\/p>\n<p>&nbsp;<br \/>\n&nbsp;<\/p>\n<p>[\/et_pb_blurb][\/et_pb_column][\/et_pb_row][\/et_pb_section]<\/p>\n","protected":false},"excerpt":{"rendered":"<p>Esserbella sostiene Terre des Hommes Esserbella, la catena di profumerie di Esselunga, sostiene il progetto indifesa di Terre des Hommes Italia per aiutare le giovani mamme in situazione di fragilit\u00e0. L\u2019inizio di una gravidanza, cos\u00ec come la nascita di un bambino, sono momenti speciali che per alcune mamme possono diventare molto delicati e difficili da [&hellip;]<\/p>\n","protected":false},"author":1,"featured_media":0,"parent":0,"menu_order":0,"comment_status":"closed","ping_status":"closed","template":"","meta":{"_et_pb_use_builder":"on","_et_pb_old_content":"","_et_gb_content_width":"","_exactmetrics_skip_tracking":false,"_exactmetrics_sitenote_active":false,"_exactmetrics_sitenote_note":"","_exactmetrics_sitenote_category":0,"footnotes":""},"class_list":["post-1245","page","type-page","status-publish","hentry"],"yoast_head":"<!-- This site is optimized with the Yoast SEO plugin v26.0 - https:\/\/yoast.com\/wordpress\/plugins\/seo\/ -->\n<title>Esserbella per le giovani mamme insieme a indifesa - indifesa<\/title>\n<meta name=\"robots\" content=\"index, follow, max-snippet:-1, max-image-preview:large, max-video-preview:-1\" \/>\n<link rel=\"canonical\" href=\"https:\/\/terredeshommes.it\/indifesa\/esserbella-per-le-giovani-mamme-insieme-a-indifesa\/\" \/>\n<meta property=\"og:locale\" content=\"it_IT\" \/>\n<meta property=\"og:type\" content=\"article\" \/>\n<meta property=\"og:title\" content=\"Esserbella per le giovani mamme insieme a indifesa - indifesa\" \/>\n<meta property=\"og:description\" content=\"Esserbella sostiene Terre des Hommes Esserbella, la catena di profumerie di Esselunga, sostiene il progetto indifesa di Terre des Hommes Italia per aiutare le giovani mamme in situazione di fragilit\u00e0. L\u2019inizio di una gravidanza, cos\u00ec come la nascita di un bambino, sono momenti speciali che per alcune mamme possono diventare molto delicati e difficili da [&hellip;]\" \/>\n<meta property=\"og:url\" content=\"https:\/\/terredeshommes.it\/indifesa\/esserbella-per-le-giovani-mamme-insieme-a-indifesa\/\" \/>\n<meta property=\"og:site_name\" content=\"indifesa\" \/>\n<meta property=\"article:publisher\" content=\"https:\/\/www.facebook.com\/terredeshommesitalia\" \/>\n<meta property=\"article:modified_time\" content=\"2021-05-13T15:44:45+00:00\" \/>\n<meta property=\"og:image\" content=\"https:\/\/terredeshommes.it\/indifesa\/new\/wp-content\/uploads\/2021\/05\/rossella_migliaccio-225x300.jpg\" \/>\n<meta name=\"twitter:card\" content=\"summary_large_image\" \/>\n<meta name=\"twitter:site\" content=\"@tdhitaly\" \/>\n<meta name=\"twitter:label1\" content=\"Tempo di lettura stimato\" \/>\n\t<meta name=\"twitter:data1\" content=\"3 minuti\" \/>\n<script type=\"application\/ld+json\" class=\"yoast-schema-graph\">{\"@context\":\"https:\/\/schema.org\",\"@graph\":[{\"@type\":\"WebPage\",\"@id\":\"https:\/\/terredeshommes.it\/indifesa\/esserbella-per-le-giovani-mamme-insieme-a-indifesa\/\",\"url\":\"https:\/\/terredeshommes.it\/indifesa\/esserbella-per-le-giovani-mamme-insieme-a-indifesa\/\",\"name\":\"Esserbella per le giovani mamme insieme a indifesa - indifesa\",\"isPartOf\":{\"@id\":\"https:\/\/terredeshommes.it\/indifesa\/#website\"},\"primaryImageOfPage\":{\"@id\":\"https:\/\/terredeshommes.it\/indifesa\/esserbella-per-le-giovani-mamme-insieme-a-indifesa\/#primaryimage\"},\"image\":{\"@id\":\"https:\/\/terredeshommes.it\/indifesa\/esserbella-per-le-giovani-mamme-insieme-a-indifesa\/#primaryimage\"},\"thumbnailUrl\":\"https:\/\/terredeshommes.it\/indifesa\/new\/wp-content\/uploads\/2021\/05\/rossella_migliaccio-225x300.jpg\",\"datePublished\":\"2021-05-04T08:07:32+00:00\",\"dateModified\":\"2021-05-13T15:44:45+00:00\",\"breadcrumb\":{\"@id\":\"https:\/\/terredeshommes.it\/indifesa\/esserbella-per-le-giovani-mamme-insieme-a-indifesa\/#breadcrumb\"},\"inLanguage\":\"it-IT\",\"potentialAction\":[{\"@type\":\"ReadAction\",\"target\":[\"https:\/\/terredeshommes.it\/indifesa\/esserbella-per-le-giovani-mamme-insieme-a-indifesa\/\"]}]},{\"@type\":\"ImageObject\",\"inLanguage\":\"it-IT\",\"@id\":\"https:\/\/terredeshommes.it\/indifesa\/esserbella-per-le-giovani-mamme-insieme-a-indifesa\/#primaryimage\",\"url\":\"https:\/\/terredeshommes.it\/indifesa\/new\/wp-content\/uploads\/2021\/05\/rossella_migliaccio.jpg\",\"contentUrl\":\"https:\/\/terredeshommes.it\/indifesa\/new\/wp-content\/uploads\/2021\/05\/rossella_migliaccio.jpg\",\"width\":600,\"height\":800,\"caption\":\"Rossella Migliaccio, protagonista del webinar\"},{\"@type\":\"BreadcrumbList\",\"@id\":\"https:\/\/terredeshommes.it\/indifesa\/esserbella-per-le-giovani-mamme-insieme-a-indifesa\/#breadcrumb\",\"itemListElement\":[{\"@type\":\"ListItem\",\"position\":1,\"name\":\"Home\",\"item\":\"https:\/\/terredeshommes.it\/indifesa\/\"},{\"@type\":\"ListItem\",\"position\":2,\"name\":\"Esserbella per le giovani mamme insieme a indifesa\"}]},{\"@type\":\"WebSite\",\"@id\":\"https:\/\/terredeshommes.it\/indifesa\/#website\",\"url\":\"https:\/\/terredeshommes.it\/indifesa\/\",\"name\":\"indifesa\",\"description\":\"indifesa delle bambine e delle ragazze\",\"publisher\":{\"@id\":\"https:\/\/terredeshommes.it\/indifesa\/#organization\"},\"potentialAction\":[{\"@type\":\"SearchAction\",\"target\":{\"@type\":\"EntryPoint\",\"urlTemplate\":\"https:\/\/terredeshommes.it\/indifesa\/?s={search_term_string}\"},\"query-input\":{\"@type\":\"PropertyValueSpecification\",\"valueRequired\":true,\"valueName\":\"search_term_string\"}}],\"inLanguage\":\"it-IT\"},{\"@type\":\"Organization\",\"@id\":\"https:\/\/terredeshommes.it\/indifesa\/#organization\",\"name\":\"indifesa con Terre des Hommes\",\"url\":\"https:\/\/terredeshommes.it\/indifesa\/\",\"logo\":{\"@type\":\"ImageObject\",\"inLanguage\":\"it-IT\",\"@id\":\"https:\/\/terredeshommes.it\/indifesa\/#\/schema\/logo\/image\/\",\"url\":\"https:\/\/terredeshommes.it\/indifesa\/new\/wp-content\/uploads\/2018\/01\/logo-indifesa-vettoriale.png\",\"contentUrl\":\"https:\/\/terredeshommes.it\/indifesa\/new\/wp-content\/uploads\/2018\/01\/logo-indifesa-vettoriale.png\",\"width\":250,\"height\":67,\"caption\":\"indifesa con Terre des Hommes\"},\"image\":{\"@id\":\"https:\/\/terredeshommes.it\/indifesa\/#\/schema\/logo\/image\/\"},\"sameAs\":[\"https:\/\/www.facebook.com\/terredeshommesitalia\",\"https:\/\/x.com\/tdhitaly\"]}]}<\/script>\n<!-- \/ Yoast SEO plugin. -->","yoast_head_json":{"title":"Esserbella per le giovani mamme insieme a indifesa - indifesa","robots":{"index":"index","follow":"follow","max-snippet":"max-snippet:-1","max-image-preview":"max-image-preview:large","max-video-preview":"max-video-preview:-1"},"canonical":"https:\/\/terredeshommes.it\/indifesa\/esserbella-per-le-giovani-mamme-insieme-a-indifesa\/","og_locale":"it_IT","og_type":"article","og_title":"Esserbella per le giovani mamme insieme a indifesa - indifesa","og_description":"Esserbella sostiene Terre des Hommes Esserbella, la catena di profumerie di Esselunga, sostiene il progetto indifesa di Terre des Hommes Italia per aiutare le giovani mamme in situazione di fragilit\u00e0. L\u2019inizio di una gravidanza, cos\u00ec come la nascita di un bambino, sono momenti speciali che per alcune mamme possono diventare molto delicati e difficili da [&hellip;]","og_url":"https:\/\/terredeshommes.it\/indifesa\/esserbella-per-le-giovani-mamme-insieme-a-indifesa\/","og_site_name":"indifesa","article_publisher":"https:\/\/www.facebook.com\/terredeshommesitalia","article_modified_time":"2021-05-13T15:44:45+00:00","og_image":[{"url":"https:\/\/terredeshommes.it\/indifesa\/new\/wp-content\/uploads\/2021\/05\/rossella_migliaccio-225x300.jpg","type":"","width":"","height":""}],"twitter_card":"summary_large_image","twitter_site":"@tdhitaly","twitter_misc":{"Tempo di lettura stimato":"3 minuti"},"schema":{"@context":"https:\/\/schema.org","@graph":[{"@type":"WebPage","@id":"https:\/\/terredeshommes.it\/indifesa\/esserbella-per-le-giovani-mamme-insieme-a-indifesa\/","url":"https:\/\/terredeshommes.it\/indifesa\/esserbella-per-le-giovani-mamme-insieme-a-indifesa\/","name":"Esserbella per le giovani mamme insieme a indifesa - indifesa","isPartOf":{"@id":"https:\/\/terredeshommes.it\/indifesa\/#website"},"primaryImageOfPage":{"@id":"https:\/\/terredeshommes.it\/indifesa\/esserbella-per-le-giovani-mamme-insieme-a-indifesa\/#primaryimage"},"image":{"@id":"https:\/\/terredeshommes.it\/indifesa\/esserbella-per-le-giovani-mamme-insieme-a-indifesa\/#primaryimage"},"thumbnailUrl":"https:\/\/terredeshommes.it\/indifesa\/new\/wp-content\/uploads\/2021\/05\/rossella_migliaccio-225x300.jpg","datePublished":"2021-05-04T08:07:32+00:00","dateModified":"2021-05-13T15:44:45+00:00","breadcrumb":{"@id":"https:\/\/terredeshommes.it\/indifesa\/esserbella-per-le-giovani-mamme-insieme-a-indifesa\/#breadcrumb"},"inLanguage":"it-IT","potentialAction":[{"@type":"ReadAction","target":["https:\/\/terredeshommes.it\/indifesa\/esserbella-per-le-giovani-mamme-insieme-a-indifesa\/"]}]},{"@type":"ImageObject","inLanguage":"it-IT","@id":"https:\/\/terredeshommes.it\/indifesa\/esserbella-per-le-giovani-mamme-insieme-a-indifesa\/#primaryimage","url":"https:\/\/terredeshommes.it\/indifesa\/new\/wp-content\/uploads\/2021\/05\/rossella_migliaccio.jpg","contentUrl":"https:\/\/terredeshommes.it\/indifesa\/new\/wp-content\/uploads\/2021\/05\/rossella_migliaccio.jpg","width":600,"height":800,"caption":"Rossella Migliaccio, protagonista del webinar"},{"@type":"BreadcrumbList","@id":"https:\/\/terredeshommes.it\/indifesa\/esserbella-per-le-giovani-mamme-insieme-a-indifesa\/#breadcrumb","itemListElement":[{"@type":"ListItem","position":1,"name":"Home","item":"https:\/\/terredeshommes.it\/indifesa\/"},{"@type":"ListItem","position":2,"name":"Esserbella per le giovani mamme insieme a indifesa"}]},{"@type":"WebSite","@id":"https:\/\/terredeshommes.it\/indifesa\/#website","url":"https:\/\/terredeshommes.it\/indifesa\/","name":"indifesa","description":"indifesa delle bambine e delle ragazze","publisher":{"@id":"https:\/\/terredeshommes.it\/indifesa\/#organization"},"potentialAction":[{"@type":"SearchAction","target":{"@type":"EntryPoint","urlTemplate":"https:\/\/terredeshommes.it\/indifesa\/?s={search_term_string}"},"query-input":{"@type":"PropertyValueSpecification","valueRequired":true,"valueName":"search_term_string"}}],"inLanguage":"it-IT"},{"@type":"Organization","@id":"https:\/\/terredeshommes.it\/indifesa\/#organization","name":"indifesa con Terre des Hommes","url":"https:\/\/terredeshommes.it\/indifesa\/","logo":{"@type":"ImageObject","inLanguage":"it-IT","@id":"https:\/\/terredeshommes.it\/indifesa\/#\/schema\/logo\/image\/","url":"https:\/\/terredeshommes.it\/indifesa\/new\/wp-content\/uploads\/2018\/01\/logo-indifesa-vettoriale.png","contentUrl":"https:\/\/terredeshommes.it\/indifesa\/new\/wp-content\/uploads\/2018\/01\/logo-indifesa-vettoriale.png","width":250,"height":67,"caption":"indifesa con Terre des Hommes"},"image":{"@id":"https:\/\/terredeshommes.it\/indifesa\/#\/schema\/logo\/image\/"},"sameAs":["https:\/\/www.facebook.com\/terredeshommesitalia","https:\/\/x.com\/tdhitaly"]}]}},"_links":{"self":[{"href":"https:\/\/terredeshommes.it\/indifesa\/wp-json\/wp\/v2\/pages\/1245","targetHints":{"allow":["GET"]}}],"collection":[{"href":"https:\/\/terredeshommes.it\/indifesa\/wp-json\/wp\/v2\/pages"}],"about":[{"href":"https:\/\/terredeshommes.it\/indifesa\/wp-json\/wp\/v2\/types\/page"}],"author":[{"embeddable":true,"href":"https:\/\/terredeshommes.it\/indifesa\/wp-json\/wp\/v2\/users\/1"}],"replies":[{"embeddable":true,"href":"https:\/\/terredeshommes.it\/indifesa\/wp-json\/wp\/v2\/comments?post=1245"}],"version-history":[{"count":22,"href":"https:\/\/terredeshommes.it\/indifesa\/wp-json\/wp\/v2\/pages\/1245\/revisions"}],"predecessor-version":[{"id":1297,"href":"https:\/\/terredeshommes.it\/indifesa\/wp-json\/wp\/v2\/pages\/1245\/revisions\/1297"}],"wp:attachment":[{"href":"https:\/\/terredeshommes.it\/indifesa\/wp-json\/wp\/v2\/media?parent=1245"}],"curies":[{"name":"wp","href":"https:\/\/api.w.org\/{rel}","templated":true}]}}