{"id":740,"date":"2018-11-28T16:32:54","date_gmt":"2018-11-28T15:32:54","guid":{"rendered":"https:\/\/terredeshommes.it\/indifesa\/?page_id=740"},"modified":"2025-08-04T15:42:55","modified_gmt":"2025-08-04T13:42:55","slug":"stand-up-for-girls","status":"publish","type":"page","link":"https:\/\/terredeshommes.it\/indifesa\/stand-up-for-girls\/","title":{"rendered":"Stand up for Girls!"},"content":{"rendered":"<p>[et_pb_section fb_built=&#8221;1&#8243; _builder_version=&#8221;4.16&#8243; global_colors_info=&#8221;{}&#8221;][et_pb_row _builder_version=&#8221;4.16&#8243; background_size=&#8221;initial&#8221; background_position=&#8221;top_left&#8221; background_repeat=&#8221;repeat&#8221; global_colors_info=&#8221;{}&#8221;][et_pb_column type=&#8221;4_4&#8243; _builder_version=&#8221;4.16&#8243; custom_padding=&#8221;|||&#8221; global_colors_info=&#8221;{}&#8221; custom_padding__hover=&#8221;|||&#8221;][et_pb_image src=&#8221;https:\/\/terredeshommes.it\/indifesa\/new\/wp-content\/uploads\/2025\/04\/testata-sviluppo.jpg&#8221; title_text=&#8221;testata-sviluppo&#8221; disabled_on=&#8221;off|off|off&#8221; _builder_version=&#8221;4.27.4&#8243; _module_preset=&#8221;default&#8221; global_colors_info=&#8221;{}&#8221;][\/et_pb_image][et_pb_image src=&#8221;https:\/\/terredeshommes.it\/indifesa\/new\/wp-content\/uploads\/2023\/04\/testata-sito.jpg&#8221; alt=&#8221;stand up for girls&#8221; title_text=&#8221;testata-sito&#8221; align_tablet=&#8221;center&#8221; align_phone=&#8221;center&#8221; align_last_edited=&#8221;on|desktop&#8221; _builder_version=&#8221;4.18.0&#8243; always_center_on_mobile=&#8221;on&#8221; global_colors_info=&#8221;{}&#8221;][\/et_pb_image][et_pb_image src=&#8221;https:\/\/terredeshommes.it\/indifesa\/new\/wp-content\/uploads\/2025\/04\/partner25-1.jpg&#8221; title_text=&#8221;partner25&#8243; _builder_version=&#8221;4.27.4&#8243; _module_preset=&#8221;default&#8221; global_colors_info=&#8221;{}&#8221;][\/et_pb_image][et_pb_text _builder_version=&#8221;4.27.4&#8243; text_font_size=&#8221;18px&#8221; text_font_size_tablet=&#8221;&#8221; text_font_size_phone=&#8221;&#8221; text_font_size_last_edited=&#8221;on|desktop&#8221; global_colors_info=&#8221;{}&#8221;]<\/p>\n<h1><span style=\"color: #ff6600;\"><strong>Stand Up for Girls! 2025<\/strong><\/span><\/h1>\n<p><strong>L\u2019evento di Terre des Hommes per cambiare il nostro guardo sulla questione di genere, ripartendo dai diritti delle bambine e delle ragazze.<\/strong><\/p>\n<p>Garantire i diritti delle ragazze e dei ragazzi significa anche dare loro l\u2019opportunit\u00e0 per imparare a conoscersi e realizzarsi pienamente.<\/p>\n<p>Per questo abbiamo creato, nella cornice della campagna\u00a0<strong>indifesa<\/strong>,\u00a0<strong>\u201cStand Up for Girls!\u201d<\/strong>, l\u2019evento composto da talk a cura di\u00a0<strong>speaker dal mondo dello spettacolo, della cultura, dello sport<\/strong>\u00a0e di tutte quelle voci in grado di arricchire i nostri punti di vista sulle questioni di genere.<\/p>\n<p>Dopo tre edizioni di successo a Milano, quest\u2019anno abbiamo riempito il <strong>Teatro Nazionale di Roma<\/strong>, coinvolgendo le scolaresche della Capitale.<\/p>\n<p>Non hai potuto partecipare?<\/p>\n<p>[\/et_pb_text][\/et_pb_column][\/et_pb_row][et_pb_row _builder_version=&#8221;4.27.4&#8243; _module_preset=&#8221;default&#8221; global_colors_info=&#8221;{}&#8221;][et_pb_column type=&#8221;4_4&#8243; _builder_version=&#8221;4.27.4&#8243; _module_preset=&#8221;default&#8221; global_colors_info=&#8221;{}&#8221;][et_pb_text _builder_version=&#8221;4.27.4&#8243; text_font=&#8221;Oswald||||||||&#8221; text_text_color=&#8221;#ff6600&#8243; text_font_size=&#8221;31px&#8221; custom_padding=&#8221;||1px|||&#8221; text_line_height_tablet=&#8221;&#8221; text_line_height_phone=&#8221;1em&#8221; text_line_height_last_edited=&#8221;on|phone&#8221; global_colors_info=&#8221;{}&#8221;]Guarda i video di ogni speaker e le parole che hanno portato sul palco[\/et_pb_text][et_pb_text _builder_version=&#8221;4.27.4&#8243; _module_preset=&#8221;default&#8221; text_font_size=&#8221;18px&#8221; global_colors_info=&#8221;{}&#8221;]<\/p>\n<p>&nbsp;<\/p>\n<ul>\n<li><strong>Maria Grazia Angeletti<\/strong>, insegnante di danza e coreografa<\/li>\n<li><strong>Aurora Caporossi<\/strong>, fondatrice di Animenta e Comestai<\/li>\n<li><strong>Esp\u00e9rance Hakuzwimana<\/strong>, scrittrice<\/li>\n<li><b>Lorenzo Maragoni, <\/b>campione mondiale di poetry slam<\/li>\n<li><b>Giulia Mei, <\/b>cantautrice &#8211; <em>Esibizione live<\/em><\/li>\n<li><strong>Valentina Melis<\/strong>, attrice, conduttrice e attivista<\/li>\n<li><strong>Takoua Ben Mohamed<\/strong>, graphic journalist e socia-fondatrice di BM Entertainment &#8211; <em>Live drawing<\/em><\/li>\n<li><strong>Laura Sgr\u00f2<\/strong>, avvocato e scrittrice<\/li>\n<\/ul>\n<p>&nbsp;<\/p>\n<p>[\/et_pb_text][\/et_pb_column][\/et_pb_row][et_pb_row column_structure=&#8221;1_2,1_2&#8243; _builder_version=&#8221;4.27.4&#8243; _module_preset=&#8221;default&#8221; global_colors_info=&#8221;{}&#8221;][et_pb_column type=&#8221;1_2&#8243; _builder_version=&#8221;4.27.4&#8243; _module_preset=&#8221;default&#8221; global_colors_info=&#8221;{}&#8221;][et_pb_video src=&#8221;https:\/\/youtu.be\/hSM5ix31bGQ&#8221; _builder_version=&#8221;4.27.4&#8243; _module_preset=&#8221;default&#8221; global_colors_info=&#8221;{}&#8221;][\/et_pb_video][et_pb_text _builder_version=&#8221;4.27.4&#8243; _module_preset=&#8221;default&#8221; text_font_size=&#8221;16px&#8221; global_colors_info=&#8221;{}&#8221;]<\/p>\n<p><strong>TAKOUA BEN MOHAMED \u2013 CORAGGIO<\/strong><\/p>\n<p>In questo momento storico dichiararsi contro la guerra e a favore dei diritti umani \u00e8 diventato un atto di coraggio, che si pu\u00f2 esprimere anche attraverso il fumetto. A raccontarci la potenza di questo mezzo \u00e8 la graphic designer Takoua Ben Mohamed.<\/p>\n<p>[\/et_pb_text][\/et_pb_column][et_pb_column type=&#8221;1_2&#8243; _builder_version=&#8221;4.27.4&#8243; _module_preset=&#8221;default&#8221; global_colors_info=&#8221;{}&#8221;][et_pb_video src=&#8221;https:\/\/youtu.be\/N2-GxBduMts&#8221; _builder_version=&#8221;4.27.4&#8243; _module_preset=&#8221;default&#8221; global_colors_info=&#8221;{}&#8221;][\/et_pb_video][et_pb_text _builder_version=&#8221;4.27.4&#8243; _module_preset=&#8221;default&#8221; text_font_size=&#8221;16px&#8221; global_colors_info=&#8221;{}&#8221;]<\/p>\n<p><strong>LORENZO MARAGONI &#8211; INNAMORARSI<\/strong><\/p>\n<p>Chi lo dice che se tu mi piaci, io devo essere contraccambiato? \u00c8 ok che il fidanzato chieda la password dei tuoi social? Riscriviamo la narrazione del \u201ctipico maschio italiano\u201d insieme a Lorenzo Maragoni, campione mondiale di poetry slam.<\/p>\n<p>[\/et_pb_text][\/et_pb_column][\/et_pb_row][et_pb_row column_structure=&#8221;1_2,1_2&#8243; _builder_version=&#8221;4.27.4&#8243; _module_preset=&#8221;default&#8221; global_colors_info=&#8221;{}&#8221;][et_pb_column type=&#8221;1_2&#8243; _builder_version=&#8221;4.27.4&#8243; _module_preset=&#8221;default&#8221; global_colors_info=&#8221;{}&#8221;][et_pb_video src=&#8221;https:\/\/youtu.be\/A9w8UXtDUiM&#8221; _builder_version=&#8221;4.27.4&#8243; _module_preset=&#8221;default&#8221; global_colors_info=&#8221;{}&#8221;][\/et_pb_video][et_pb_text _builder_version=&#8221;4.27.4&#8243; _module_preset=&#8221;default&#8221; text_font_size=&#8221;16px&#8221; global_colors_info=&#8221;{}&#8221;]<\/p>\n<p><strong>MARIA GRAZIA ANGELETTI &#8211; INDELEBILE<\/strong><\/p>\n<p>Cosa succede quando la vittima di femminicidio \u00e8 una tua allieva? Come gestire tutto quel dolore e affrontare il \u201cdopo\u201d insieme alla classe? Ascolta la toccante testimonianza dell\u2019insegnante di danza e coreografa Maria Grazia Angeletti.<\/p>\n<p>[\/et_pb_text][\/et_pb_column][et_pb_column type=&#8221;1_2&#8243; _builder_version=&#8221;4.27.4&#8243; _module_preset=&#8221;default&#8221; global_colors_info=&#8221;{}&#8221;][et_pb_video src=&#8221;https:\/\/youtu.be\/eru_zGEn8Wg&#8221; _builder_version=&#8221;4.27.4&#8243; _module_preset=&#8221;default&#8221; global_colors_info=&#8221;{}&#8221;][\/et_pb_video][et_pb_text _builder_version=&#8221;4.27.4&#8243; _module_preset=&#8221;default&#8221; text_font_size=&#8221;16px&#8221; global_colors_info=&#8221;{}&#8221;]<strong>ESP\u00c9RANCE HAKUZWIMANA \u2013 MICCIA<\/strong><\/p>\n<p>A volte percorrere la strada meno battuta fa tutta la differenza. Esp\u00e9rance Hakuzwimana lo sa bene: hanno provato a farla desistere dagli studi classici, dal tentare la carriera di scrittrice, dal tornare nella sua terra d\u2019origine. Eppure, guarda dove \u00e8 arrivata. [\/et_pb_text][\/et_pb_column][\/et_pb_row][et_pb_row column_structure=&#8221;1_2,1_2&#8243; _builder_version=&#8221;4.27.4&#8243; _module_preset=&#8221;default&#8221; custom_padding=&#8221;||27px|||&#8221; global_colors_info=&#8221;{}&#8221;][et_pb_column type=&#8221;1_2&#8243; _builder_version=&#8221;4.27.4&#8243; _module_preset=&#8221;default&#8221; global_colors_info=&#8221;{}&#8221;][et_pb_video src=&#8221;https:\/\/youtu.be\/gpVtC89Xd_g&#8221; _builder_version=&#8221;4.27.4&#8243; _module_preset=&#8221;default&#8221; global_colors_info=&#8221;{}&#8221;][\/et_pb_video][et_pb_text _builder_version=&#8221;4.27.4&#8243; _module_preset=&#8221;default&#8221; text_font_size=&#8221;16px&#8221; global_colors_info=&#8221;{}&#8221;]<strong>LAURA SGR\u00d2 &#8211; VERIT\u00c0<\/strong><\/p>\n<p>\u201cNon \u00e8 possibile avere giustizia senza abbracciare la verit\u00e0\u201d dice l\u2019avvocato Laura Sgr\u00f2, che cerca verit\u00e0 e giustizia per le famiglie che assiste, per le vittime, ma anche per tutte e tutti noi. Perch\u00e9 in gioco c\u2019\u00e8 la societ\u00e0 intera e i valori su cui si fonda.[\/et_pb_text][\/et_pb_column][et_pb_column type=&#8221;1_2&#8243; _builder_version=&#8221;4.27.4&#8243; _module_preset=&#8221;default&#8221; global_colors_info=&#8221;{}&#8221;][et_pb_video src=&#8221;https:\/\/youtu.be\/eejtKDeubMY&#8221; _builder_version=&#8221;4.27.4&#8243; _module_preset=&#8221;default&#8221; global_colors_info=&#8221;{}&#8221;][\/et_pb_video][et_pb_text _builder_version=&#8221;4.27.4&#8243; _module_preset=&#8221;default&#8221; text_font_size=&#8221;16px&#8221; global_colors_info=&#8221;{}&#8221;]<strong>GINO CECCHETTIN &#8211; RISPETTO<\/strong><\/p>\n<p>Non \u00e8 solo una questione di buona educazione, di dire \u201cper favore\u201d o \u201cgrazie\u201d: il rispetto \u00e8 riconoscere il prossimo come persona, \u00e8 la base di ogni relazione sana e il primo argine contro ogni forma di violenza. Ascolta il messaggio che Gino Cecchettin ci ha inviato.[\/et_pb_text][\/et_pb_column][\/et_pb_row][et_pb_row column_structure=&#8221;1_2,1_2&#8243; _builder_version=&#8221;4.27.4&#8243; _module_preset=&#8221;default&#8221; custom_padding=&#8221;||27px|||&#8221; global_colors_info=&#8221;{}&#8221;][et_pb_column type=&#8221;1_2&#8243; _builder_version=&#8221;4.27.4&#8243; _module_preset=&#8221;default&#8221; global_colors_info=&#8221;{}&#8221;][et_pb_video src=&#8221;https:\/\/youtu.be\/IyTjh6nE4pQ&#8221; _builder_version=&#8221;4.27.4&#8243; _module_preset=&#8221;default&#8221; global_colors_info=&#8221;{}&#8221;][\/et_pb_video][et_pb_text _builder_version=&#8221;4.27.4&#8243; _module_preset=&#8221;default&#8221; text_font_size=&#8221;16px&#8221; global_colors_info=&#8221;{}&#8221;]<strong>VALENTINA MELIS \u2013 SORELLANZA<\/strong><\/p>\n<p>\u201cSbagliare nome vuol dire sbagliare approccio morale e non capire pi\u00f9 la differenza tra il bene che si vorrebbe e il male che si finisce a fare\u201d. L\u2019attrice Valentina Melis ci regala un estratto dello spettacolo teatrale ispirato al saggio di Michela Murgia \u201cStai zitta\u201d.[\/et_pb_text][\/et_pb_column][et_pb_column type=&#8221;1_2&#8243; _builder_version=&#8221;4.27.4&#8243; _module_preset=&#8221;default&#8221; global_colors_info=&#8221;{}&#8221;][et_pb_video src=&#8221;https:\/\/youtu.be\/4Yhjoi10btQ&#8221; _builder_version=&#8221;4.27.4&#8243; _module_preset=&#8221;default&#8221; global_colors_info=&#8221;{}&#8221;][\/et_pb_video][et_pb_text _builder_version=&#8221;4.27.4&#8243; _module_preset=&#8221;default&#8221; text_font_size=&#8221;16px&#8221; global_colors_info=&#8221;{}&#8221;]<strong>AURORA CAPOROSSI \u2013 ABBASTANZA<\/strong><\/p>\n<p>Quante volte non ci sentiamo mai \u201cabbastanza\u201d &#8211; belle, performanti, all\u2019altezza o\u2026 Magre. \u00c8 quello che \u00e8 successo ad Aurora Caporossi, che ha fondato un\u2019associazione per comprendere i disturbi del comportamento alimentare e aiutare le persone a sentirsi pi\u00f9 che \u201cabbastanza\u201d.[\/et_pb_text][\/et_pb_column][\/et_pb_row][et_pb_row column_structure=&#8221;1_2,1_2&#8243; _builder_version=&#8221;4.27.4&#8243; _module_preset=&#8221;default&#8221; custom_padding=&#8221;||27px|||&#8221; global_colors_info=&#8221;{}&#8221;][et_pb_column type=&#8221;1_2&#8243; _builder_version=&#8221;4.27.4&#8243; _module_preset=&#8221;default&#8221; global_colors_info=&#8221;{}&#8221;][et_pb_video src=&#8221;https:\/\/youtu.be\/WNQUtWE-5pk&#8221; _builder_version=&#8221;4.27.4&#8243; _module_preset=&#8221;default&#8221; hover_enabled=&#8221;0&#8243; global_colors_info=&#8221;{}&#8221; sticky_enabled=&#8221;0&#8243;][\/et_pb_video][et_pb_text _builder_version=&#8221;4.27.4&#8243; _module_preset=&#8221;default&#8221; text_font_size=&#8221;16px&#8221; hover_enabled=&#8221;0&#8243; global_colors_info=&#8221;{}&#8221; sticky_enabled=&#8221;0&#8243;]<strong>GIULIA MEI &#8211; LIBERT\u00c0<\/strong><\/p>\n<p>Pu\u00f2 dirsi davvero libera una donna che ha paura di uscire la sera? E una che deve scegliere tra maternit\u00e0 e lavoro? Abbiamo bisogno di ridare significato alla parola \u201clibert\u00e0\u201d, come canta e racconta Giulia Mei.[\/et_pb_text][\/et_pb_column][et_pb_column type=&#8221;1_2&#8243; _builder_version=&#8221;4.27.4&#8243; _module_preset=&#8221;default&#8221; global_colors_info=&#8221;{}&#8221;][\/et_pb_column][\/et_pb_row][et_pb_row _builder_version=&#8221;4.16&#8243; background_size=&#8221;initial&#8221; background_position=&#8221;top_left&#8221; background_repeat=&#8221;repeat&#8221; global_colors_info=&#8221;{}&#8221;][et_pb_column type=&#8221;4_4&#8243; _builder_version=&#8221;4.16&#8243; custom_padding=&#8221;|||&#8221; global_colors_info=&#8221;{}&#8221; custom_padding__hover=&#8221;|||&#8221;][et_pb_text _builder_version=&#8221;4.27.4&#8243; text_font=&#8221;Oswald||||||||&#8221; text_text_color=&#8221;#ff6600&#8243; text_font_size=&#8221;31px&#8221; text_line_height_tablet=&#8221;&#8221; text_line_height_phone=&#8221;1em&#8221; text_line_height_last_edited=&#8221;on|phone&#8221; global_colors_info=&#8221;{}&#8221;]<\/p>\n<p>Riguarda le precedenti edizioni di <strong>Stand up for girls!<\/strong><\/p>\n<p>[\/et_pb_text][\/et_pb_column][\/et_pb_row][et_pb_row _builder_version=&#8221;4.18.0&#8243; _module_preset=&#8221;default&#8221; global_colors_info=&#8221;{}&#8221;][et_pb_column type=&#8221;4_4&#8243; _builder_version=&#8221;4.18.0&#8243; _module_preset=&#8221;default&#8221; global_colors_info=&#8221;{}&#8221;][et_pb_button button_url=&#8221;https:\/\/terredeshommes.it\/indifesa\/stand-up-for-girls-2023\/&#8221; button_text=&#8221;Edizione Stand up for Girls! Edizione III&#8221; _builder_version=&#8221;4.27.4&#8243; _module_preset=&#8221;default&#8221; custom_button=&#8221;on&#8221; button_text_color=&#8221;#FFFFFF&#8221; button_bg_color=&#8221;#ff6600&#8243; global_colors_info=&#8221;{}&#8221;][\/et_pb_button][et_pb_button button_url=&#8221;https:\/\/terredeshommes.it\/indifesa\/stand-up-for-girls-2019\/&#8221; button_text=&#8221;Edizione Stand up for Girls! Edizione II&#8221; _builder_version=&#8221;4.27.4&#8243; _module_preset=&#8221;default&#8221; custom_button=&#8221;on&#8221; button_text_color=&#8221;#FFFFFF&#8221; button_bg_color=&#8221;#ff6600&#8243; global_colors_info=&#8221;{}&#8221;][\/et_pb_button][et_pb_button button_url=&#8221;https:\/\/terredeshommes.it\/indifesa\/stand-up-for-girls-2018\/&#8221; button_text=&#8221;Edizione Stand up for Girls! Edizione I&#8221; _builder_version=&#8221;4.27.4&#8243; _module_preset=&#8221;default&#8221; custom_button=&#8221;on&#8221; button_text_color=&#8221;#FFFFFF&#8221; button_bg_color=&#8221;#ff6600&#8243; global_colors_info=&#8221;{}&#8221;][\/et_pb_button][\/et_pb_column][\/et_pb_row][\/et_pb_section]<\/p>\n","protected":false},"excerpt":{"rendered":"<p>Stand Up for Girls! 2025 L\u2019evento di Terre des Hommes per cambiare il nostro guardo sulla questione di genere, ripartendo dai diritti delle bambine e delle ragazze. Garantire i diritti delle ragazze e dei ragazzi significa anche dare loro l\u2019opportunit\u00e0 per imparare a conoscersi e realizzarsi pienamente. Per questo abbiamo creato, nella cornice della campagna\u00a0indifesa,\u00a0\u201cStand [&hellip;]<\/p>\n","protected":false},"author":1,"featured_media":0,"parent":0,"menu_order":0,"comment_status":"closed","ping_status":"closed","template":"","meta":{"_et_pb_use_builder":"on","_et_pb_old_content":"","_et_gb_content_width":"","_exactmetrics_skip_tracking":false,"_exactmetrics_sitenote_active":false,"_exactmetrics_sitenote_note":"","_exactmetrics_sitenote_category":0,"footnotes":""},"class_list":["post-740","page","type-page","status-publish","hentry"],"yoast_head":"<!-- This site is optimized with the Yoast SEO plugin v26.0 - https:\/\/yoast.com\/wordpress\/plugins\/seo\/ -->\n<title>Stand up for Girls! - indifesa<\/title>\n<meta name=\"description\" content=\"L\u2019evento di Terre des Hommes per cambiare lo sguardo sulla questione di genere, ripartendo dai diritti delle bambine e delle ragazze.\" \/>\n<meta name=\"robots\" content=\"index, follow, max-snippet:-1, max-image-preview:large, max-video-preview:-1\" \/>\n<link rel=\"canonical\" href=\"https:\/\/terredeshommes.it\/indifesa\/stand-up-for-girls\/\" \/>\n<meta property=\"og:locale\" content=\"it_IT\" \/>\n<meta property=\"og:type\" content=\"article\" \/>\n<meta property=\"og:title\" content=\"Stand up for Girls! - indifesa\" \/>\n<meta property=\"og:description\" content=\"L\u2019evento di Terre des Hommes per cambiare lo sguardo sulla questione di genere, ripartendo dai diritti delle bambine e delle ragazze.\" \/>\n<meta property=\"og:url\" content=\"https:\/\/terredeshommes.it\/indifesa\/stand-up-for-girls\/\" \/>\n<meta property=\"og:site_name\" content=\"indifesa\" \/>\n<meta property=\"article:publisher\" content=\"https:\/\/www.facebook.com\/terredeshommesitalia\" \/>\n<meta property=\"article:modified_time\" content=\"2025-08-04T13:42:55+00:00\" \/>\n<meta property=\"og:image\" content=\"https:\/\/terredeshommes.it\/indifesa\/new\/wp-content\/uploads\/2025\/04\/testata-sito2.jpg\" \/>\n\t<meta property=\"og:image:width\" content=\"905\" \/>\n\t<meta property=\"og:image:height\" content=\"450\" \/>\n\t<meta property=\"og:image:type\" content=\"image\/jpeg\" \/>\n<meta name=\"twitter:card\" content=\"summary_large_image\" \/>\n<meta name=\"twitter:site\" content=\"@tdhitaly\" \/>\n<meta name=\"twitter:label1\" content=\"Tempo di lettura stimato\" \/>\n\t<meta name=\"twitter:data1\" content=\"2 minuti\" \/>\n<script type=\"application\/ld+json\" class=\"yoast-schema-graph\">{\"@context\":\"https:\/\/schema.org\",\"@graph\":[{\"@type\":\"WebPage\",\"@id\":\"https:\/\/terredeshommes.it\/indifesa\/stand-up-for-girls\/\",\"url\":\"https:\/\/terredeshommes.it\/indifesa\/stand-up-for-girls\/\",\"name\":\"Stand up for Girls! - indifesa\",\"isPartOf\":{\"@id\":\"https:\/\/terredeshommes.it\/indifesa\/#website\"},\"datePublished\":\"2018-11-28T15:32:54+00:00\",\"dateModified\":\"2025-08-04T13:42:55+00:00\",\"description\":\"L\u2019evento di Terre des Hommes per cambiare lo sguardo sulla questione di genere, ripartendo dai diritti delle bambine e delle ragazze.\",\"breadcrumb\":{\"@id\":\"https:\/\/terredeshommes.it\/indifesa\/stand-up-for-girls\/#breadcrumb\"},\"inLanguage\":\"it-IT\",\"potentialAction\":[{\"@type\":\"ReadAction\",\"target\":[\"https:\/\/terredeshommes.it\/indifesa\/stand-up-for-girls\/\"]}]},{\"@type\":\"BreadcrumbList\",\"@id\":\"https:\/\/terredeshommes.it\/indifesa\/stand-up-for-girls\/#breadcrumb\",\"itemListElement\":[{\"@type\":\"ListItem\",\"position\":1,\"name\":\"Home\",\"item\":\"https:\/\/terredeshommes.it\/indifesa\/\"},{\"@type\":\"ListItem\",\"position\":2,\"name\":\"Stand up for Girls!\"}]},{\"@type\":\"WebSite\",\"@id\":\"https:\/\/terredeshommes.it\/indifesa\/#website\",\"url\":\"https:\/\/terredeshommes.it\/indifesa\/\",\"name\":\"indifesa\",\"description\":\"indifesa delle bambine e delle ragazze\",\"publisher\":{\"@id\":\"https:\/\/terredeshommes.it\/indifesa\/#organization\"},\"potentialAction\":[{\"@type\":\"SearchAction\",\"target\":{\"@type\":\"EntryPoint\",\"urlTemplate\":\"https:\/\/terredeshommes.it\/indifesa\/?s={search_term_string}\"},\"query-input\":{\"@type\":\"PropertyValueSpecification\",\"valueRequired\":true,\"valueName\":\"search_term_string\"}}],\"inLanguage\":\"it-IT\"},{\"@type\":\"Organization\",\"@id\":\"https:\/\/terredeshommes.it\/indifesa\/#organization\",\"name\":\"indifesa con Terre des Hommes\",\"url\":\"https:\/\/terredeshommes.it\/indifesa\/\",\"logo\":{\"@type\":\"ImageObject\",\"inLanguage\":\"it-IT\",\"@id\":\"https:\/\/terredeshommes.it\/indifesa\/#\/schema\/logo\/image\/\",\"url\":\"https:\/\/terredeshommes.it\/indifesa\/new\/wp-content\/uploads\/2018\/01\/logo-indifesa-vettoriale.png\",\"contentUrl\":\"https:\/\/terredeshommes.it\/indifesa\/new\/wp-content\/uploads\/2018\/01\/logo-indifesa-vettoriale.png\",\"width\":250,\"height\":67,\"caption\":\"indifesa con Terre des Hommes\"},\"image\":{\"@id\":\"https:\/\/terredeshommes.it\/indifesa\/#\/schema\/logo\/image\/\"},\"sameAs\":[\"https:\/\/www.facebook.com\/terredeshommesitalia\",\"https:\/\/x.com\/tdhitaly\"]}]}<\/script>\n<!-- \/ Yoast SEO plugin. -->","yoast_head_json":{"title":"Stand up for Girls! - indifesa","description":"L\u2019evento di Terre des Hommes per cambiare lo sguardo sulla questione di genere, ripartendo dai diritti delle bambine e delle ragazze.","robots":{"index":"index","follow":"follow","max-snippet":"max-snippet:-1","max-image-preview":"max-image-preview:large","max-video-preview":"max-video-preview:-1"},"canonical":"https:\/\/terredeshommes.it\/indifesa\/stand-up-for-girls\/","og_locale":"it_IT","og_type":"article","og_title":"Stand up for Girls! - indifesa","og_description":"L\u2019evento di Terre des Hommes per cambiare lo sguardo sulla questione di genere, ripartendo dai diritti delle bambine e delle ragazze.","og_url":"https:\/\/terredeshommes.it\/indifesa\/stand-up-for-girls\/","og_site_name":"indifesa","article_publisher":"https:\/\/www.facebook.com\/terredeshommesitalia","article_modified_time":"2025-08-04T13:42:55+00:00","og_image":[{"width":905,"height":450,"url":"https:\/\/terredeshommes.it\/indifesa\/new\/wp-content\/uploads\/2025\/04\/testata-sito2.jpg","type":"image\/jpeg"}],"twitter_card":"summary_large_image","twitter_site":"@tdhitaly","twitter_misc":{"Tempo di lettura stimato":"2 minuti"},"schema":{"@context":"https:\/\/schema.org","@graph":[{"@type":"WebPage","@id":"https:\/\/terredeshommes.it\/indifesa\/stand-up-for-girls\/","url":"https:\/\/terredeshommes.it\/indifesa\/stand-up-for-girls\/","name":"Stand up for Girls! - indifesa","isPartOf":{"@id":"https:\/\/terredeshommes.it\/indifesa\/#website"},"datePublished":"2018-11-28T15:32:54+00:00","dateModified":"2025-08-04T13:42:55+00:00","description":"L\u2019evento di Terre des Hommes per cambiare lo sguardo sulla questione di genere, ripartendo dai diritti delle bambine e delle ragazze.","breadcrumb":{"@id":"https:\/\/terredeshommes.it\/indifesa\/stand-up-for-girls\/#breadcrumb"},"inLanguage":"it-IT","potentialAction":[{"@type":"ReadAction","target":["https:\/\/terredeshommes.it\/indifesa\/stand-up-for-girls\/"]}]},{"@type":"BreadcrumbList","@id":"https:\/\/terredeshommes.it\/indifesa\/stand-up-for-girls\/#breadcrumb","itemListElement":[{"@type":"ListItem","position":1,"name":"Home","item":"https:\/\/terredeshommes.it\/indifesa\/"},{"@type":"ListItem","position":2,"name":"Stand up for Girls!"}]},{"@type":"WebSite","@id":"https:\/\/terredeshommes.it\/indifesa\/#website","url":"https:\/\/terredeshommes.it\/indifesa\/","name":"indifesa","description":"indifesa delle bambine e delle ragazze","publisher":{"@id":"https:\/\/terredeshommes.it\/indifesa\/#organization"},"potentialAction":[{"@type":"SearchAction","target":{"@type":"EntryPoint","urlTemplate":"https:\/\/terredeshommes.it\/indifesa\/?s={search_term_string}"},"query-input":{"@type":"PropertyValueSpecification","valueRequired":true,"valueName":"search_term_string"}}],"inLanguage":"it-IT"},{"@type":"Organization","@id":"https:\/\/terredeshommes.it\/indifesa\/#organization","name":"indifesa con Terre des Hommes","url":"https:\/\/terredeshommes.it\/indifesa\/","logo":{"@type":"ImageObject","inLanguage":"it-IT","@id":"https:\/\/terredeshommes.it\/indifesa\/#\/schema\/logo\/image\/","url":"https:\/\/terredeshommes.it\/indifesa\/new\/wp-content\/uploads\/2018\/01\/logo-indifesa-vettoriale.png","contentUrl":"https:\/\/terredeshommes.it\/indifesa\/new\/wp-content\/uploads\/2018\/01\/logo-indifesa-vettoriale.png","width":250,"height":67,"caption":"indifesa con Terre des Hommes"},"image":{"@id":"https:\/\/terredeshommes.it\/indifesa\/#\/schema\/logo\/image\/"},"sameAs":["https:\/\/www.facebook.com\/terredeshommesitalia","https:\/\/x.com\/tdhitaly"]}]}},"_links":{"self":[{"href":"https:\/\/terredeshommes.it\/indifesa\/wp-json\/wp\/v2\/pages\/740","targetHints":{"allow":["GET"]}}],"collection":[{"href":"https:\/\/terredeshommes.it\/indifesa\/wp-json\/wp\/v2\/pages"}],"about":[{"href":"https:\/\/terredeshommes.it\/indifesa\/wp-json\/wp\/v2\/types\/page"}],"author":[{"embeddable":true,"href":"https:\/\/terredeshommes.it\/indifesa\/wp-json\/wp\/v2\/users\/1"}],"replies":[{"embeddable":true,"href":"https:\/\/terredeshommes.it\/indifesa\/wp-json\/wp\/v2\/comments?post=740"}],"version-history":[{"count":140,"href":"https:\/\/terredeshommes.it\/indifesa\/wp-json\/wp\/v2\/pages\/740\/revisions"}],"predecessor-version":[{"id":21195,"href":"https:\/\/terredeshommes.it\/indifesa\/wp-json\/wp\/v2\/pages\/740\/revisions\/21195"}],"wp:attachment":[{"href":"https:\/\/terredeshommes.it\/indifesa\/wp-json\/wp\/v2\/media?parent=740"}],"curies":[{"name":"wp","href":"https:\/\/api.w.org\/{rel}","templated":true}]}}